{"id":263,"date":"2025-08-12T17:53:04","date_gmt":"2025-08-12T15:53:04","guid":{"rendered":"https:\/\/ockelboweb.se\/?page_id=263"},"modified":"2025-08-12T19:12:20","modified_gmt":"2025-08-12T17:12:20","slug":"integritetspolicy","status":"publish","type":"page","link":"https:\/\/ockelboweb.se\/?page_id=263","title":{"rendered":"Integritetspolicy"},"content":{"rendered":"\n[et_pb_section fb_built=&#8221;1&#8243; custom_padding_last_edited=&#8221;on|tablet&#8221; admin_label=&#8221;How it Works&#8221; module_id=&#8221;fungerar&#8221; _builder_version=&#8221;4.27.4&#8243; _module_preset=&#8221;default&#8221; background_image=&#8221;https:\/\/ockelboweb.se\/wp-content\/uploads\/2025\/08\/att-bestalla-05.webp&#8221; background_size=&#8221;initial&#8221; background_position=&#8221;bottom_center&#8221; custom_padding=&#8221;||140px|||&#8221; custom_padding_tablet=&#8221;||80px||false|false&#8221; custom_padding_phone=&#8221;40px||60px||false|false&#8221; background_last_edited=&#8221;on|tablet&#8221; background_position_tablet=&#8221;bottom_left&#8221; global_colors_info=&#8221;{}&#8221; theme_builder_area=&#8221;post_content&#8221;][et_pb_row custom_padding_last_edited=&#8221;on|tablet&#8221; _builder_version=&#8221;4.27.4&#8243; _module_preset=&#8221;default&#8221; max_width_tablet=&#8221;600px&#8221; max_width_phone=&#8221;600px&#8221; max_width_last_edited=&#8221;on|phone&#8221; custom_padding_tablet=&#8221;0px||0px||false|false&#8221; custom_padding_phone=&#8221;0px||0px||false|false&#8221; hover_enabled=&#8221;0&#8243; global_colors_info=&#8221;{}&#8221; theme_builder_area=&#8221;post_content&#8221; width=&#8221;90%&#8221; max_width=&#8221;700px&#8221; sticky_enabled=&#8221;0&#8243; custom_padding=&#8221;0px||||false|false&#8221;][et_pb_column type=&#8221;4_4&#8243; _builder_version=&#8221;4.16&#8243; _module_preset=&#8221;default&#8221; global_colors_info=&#8221;{}&#8221; theme_builder_area=&#8221;post_content&#8221;][et_pb_text _builder_version=&#8221;4.27.4&#8243; _module_preset=&#8221;b6cb9bd8-0fbd-4699-b58d-51b3d480db23&#8243; header_font_size=&#8221;5rem&#8221; header_2_font=&#8221;|600|||||||&#8221; header_2_font_size=&#8221;4rem&#8221; header_2_letter_spacing=&#8221;0.01em&#8221; header_2_line_height=&#8221;1.4em&#8221; hover_enabled=&#8221;0&#8243; header_2_font_size_tablet=&#8221;3rem&#8221; header_2_font_size_phone=&#8221;2rem&#8221; header_2_font_size_last_edited=&#8221;on|desktop&#8221; global_colors_info=&#8221;{}&#8221; theme_builder_area=&#8221;post_content&#8221; header_letter_spacing=&#8221;0.01em&#8221; header_line_height=&#8221;1.4em&#8221; header_font_size_last_edited=&#8221;on|phone&#8221; sticky_enabled=&#8221;0&#8243; header_font_size_tablet=&#8221;4.5rem&#8221; header_font_size_phone=&#8221;3.5rem&#8221;]<h1>Integritetspolicy<\/h1>[\/et_pb_text][et_pb_text _builder_version=&#8221;4.27.4&#8243; _module_preset=&#8221;b6cb9bd8-0fbd-4699-b58d-51b3d480db23&#8243; header_2_font=&#8221;|600|||||||&#8221; header_2_font_size=&#8221;3rem&#8221; header_2_line_height=&#8221;1.4em&#8221; hover_enabled=&#8221;0&#8243; header_2_font_size_tablet=&#8221;2.2rem&#8221; header_2_font_size_phone=&#8221;1.8rem&#8221; header_2_font_size_last_edited=&#8221;on|phone&#8221; locked=&#8221;off&#8221; global_colors_info=&#8221;{}&#8221; theme_builder_area=&#8221;post_content&#8221; header_2_letter_spacing=&#8221;0.01em&#8221; sticky_enabled=&#8221;0&#8243; custom_margin=&#8221;||10px||false|false&#8221;]<h2>Vilka vi \u00e4r<\/h2>[\/et_pb_text][et_pb_text _builder_version=&#8221;4.27.4&#8243; _module_preset=&#8221;default&#8221; theme_builder_area=&#8221;post_content&#8221; text_font_size=&#8221;1.2rem&#8221; text_letter_spacing=&#8221;0.01em&#8221; text_font_size_last_edited=&#8221;on|phone&#8221; hover_enabled=&#8221;0&#8243; sticky_enabled=&#8221;0&#8243; text_font_size_tablet=&#8221;1.1rem&#8221; text_font_size_phone=&#8221;1rem&#8221;]<p>V\u00e5r webbplatsadress \u00e4r: https:\/\/ockelboweb.se<\/p>[\/et_pb_text][et_pb_text _builder_version=&#8221;4.27.4&#8243; _module_preset=&#8221;b6cb9bd8-0fbd-4699-b58d-51b3d480db23&#8243; header_2_font=&#8221;|600|||||||&#8221; header_2_font_size=&#8221;3rem&#8221; header_2_line_height=&#8221;1.4em&#8221; hover_enabled=&#8221;0&#8243; header_2_font_size_tablet=&#8221;2.2rem&#8221; header_2_font_size_phone=&#8221;1.8rem&#8221; header_2_font_size_last_edited=&#8221;on|phone&#8221; locked=&#8221;off&#8221; global_colors_info=&#8221;{}&#8221; theme_builder_area=&#8221;post_content&#8221; header_2_letter_spacing=&#8221;0.01em&#8221; sticky_enabled=&#8221;0&#8243; custom_margin=&#8221;||10px||false|false&#8221;]<h2>Inb\u00e4ddat inneh\u00e5ll fr\u00e5n andra webbplatser<\/h2>[\/et_pb_text][et_pb_text _builder_version=&#8221;4.27.4&#8243; _module_preset=&#8221;default&#8221; theme_builder_area=&#8221;post_content&#8221; text_font_size=&#8221;1.2rem&#8221; text_letter_spacing=&#8221;0.01em&#8221; text_font_size_last_edited=&#8221;on|phone&#8221; hover_enabled=&#8221;0&#8243; sticky_enabled=&#8221;0&#8243; text_font_size_tablet=&#8221;1.1rem&#8221; text_font_size_phone=&#8221;1rem&#8221;]<p>Artiklar p\u00e5 denna webbplats kan inneh\u00e5lla inb\u00e4ddat inneh\u00e5ll (exempelvis videoklipp, bilder, artiklar o.s.v.). Inb\u00e4ddat inneh\u00e5ll fr\u00e5n andra webbplatser beter sig precis p\u00e5 samma s\u00e4tt som om bes\u00f6karen har bes\u00f6kt den andra webbplatsen.<\/p>\n<p>Dessa webbplatser kan samla in uppgifter om dig, anv\u00e4nda cookie-filer, b\u00e4dda in ytterligare sp\u00e5rning fr\u00e5n tredje part och \u00f6vervaka din interaktion med sagda inb\u00e4ddade inneh\u00e5ll, inklusive sp\u00e5rning av din interaktion med detta inb\u00e4ddade inneh\u00e5ll om du har ett konto och \u00e4r inloggad p\u00e5 webbplatsen i fr\u00e5ga.<\/p>[\/et_pb_text][et_pb_text _builder_version=&#8221;4.27.4&#8243; _module_preset=&#8221;b6cb9bd8-0fbd-4699-b58d-51b3d480db23&#8243; header_2_font=&#8221;|600|||||||&#8221; header_2_font_size=&#8221;3rem&#8221; header_2_line_height=&#8221;1.4em&#8221; hover_enabled=&#8221;0&#8243; header_2_font_size_tablet=&#8221;2.2rem&#8221; header_2_font_size_phone=&#8221;1.8rem&#8221; header_2_font_size_last_edited=&#8221;on|phone&#8221; locked=&#8221;off&#8221; global_colors_info=&#8221;{}&#8221; theme_builder_area=&#8221;post_content&#8221; header_2_letter_spacing=&#8221;0.01em&#8221; sticky_enabled=&#8221;0&#8243; custom_margin=&#8221;||10px||false|false&#8221;]<h2>Vilka vi delar dina data med<\/h2>[\/et_pb_text][et_pb_text _builder_version=&#8221;4.27.4&#8243; _module_preset=&#8221;default&#8221; theme_builder_area=&#8221;post_content&#8221; text_font_size=&#8221;1.2rem&#8221; text_letter_spacing=&#8221;0.01em&#8221; text_font_size_last_edited=&#8221;on|phone&#8221; hover_enabled=&#8221;0&#8243; sticky_enabled=&#8221;0&#8243; text_font_size_tablet=&#8221;1.1rem&#8221; text_font_size_phone=&#8221;1rem&#8221;]<p>N\u00e4r du i best\u00e4llningformul\u00e4ret fyller i ditt f\u00f6r- och efternamn, din mejladress, ditt telefonnummer, f\u00f6retagsnamn\/f\u00f6reningsnamn\/organisationsnummer, paketval, information om dom\u00e4nnamn och webbhotell samt skriver in ett meddelande kommer denna information att ing\u00e5 i det mejlmeddelande som skickas till oss om din best\u00e4llning.<\/p>[\/et_pb_text][et_pb_text _builder_version=&#8221;4.27.4&#8243; _module_preset=&#8221;b6cb9bd8-0fbd-4699-b58d-51b3d480db23&#8243; header_2_font=&#8221;|600|||||||&#8221; header_2_font_size=&#8221;3rem&#8221; header_2_line_height=&#8221;1.4em&#8221; hover_enabled=&#8221;0&#8243; header_2_font_size_tablet=&#8221;2.2rem&#8221; header_2_font_size_phone=&#8221;1.8rem&#8221; header_2_font_size_last_edited=&#8221;on|phone&#8221; locked=&#8221;off&#8221; global_colors_info=&#8221;{}&#8221; theme_builder_area=&#8221;post_content&#8221; header_2_letter_spacing=&#8221;0.01em&#8221; sticky_enabled=&#8221;0&#8243; custom_margin=&#8221;||10px||false|false&#8221;]<h2>Vart dina uppgifter skickas<\/h2>[\/et_pb_text][et_pb_text _builder_version=&#8221;4.27.4&#8243; _module_preset=&#8221;default&#8221; theme_builder_area=&#8221;post_content&#8221; text_font_size=&#8221;1.2rem&#8221; text_letter_spacing=&#8221;0.01em&#8221; text_font_size_last_edited=&#8221;on|phone&#8221; hover_enabled=&#8221;0&#8243; sticky_enabled=&#8221;0&#8243; text_font_size_tablet=&#8221;1.1rem&#8221; text_font_size_phone=&#8221;1rem&#8221;]<p>Inneh\u00e5llet du har skrivit in i kontakt-\/intresseformul\u00e4ret kanske kontrolleras via en automatiserad tj\u00e4nst f\u00f6r detektering av skr\u00e4ppost.<\/p>[\/et_pb_text][et_pb_text _builder_version=&#8221;4.27.4&#8243; _module_preset=&#8221;b6cb9bd8-0fbd-4699-b58d-51b3d480db23&#8243; header_2_font=&#8221;|600|||||||&#8221; header_2_font_size=&#8221;3rem&#8221; header_2_line_height=&#8221;1.4em&#8221; hover_enabled=&#8221;0&#8243; header_2_font_size_tablet=&#8221;2.2rem&#8221; header_2_font_size_phone=&#8221;1.8rem&#8221; header_2_font_size_last_edited=&#8221;on|phone&#8221; locked=&#8221;off&#8221; global_colors_info=&#8221;{}&#8221; theme_builder_area=&#8221;post_content&#8221; header_2_letter_spacing=&#8221;0.01em&#8221; sticky_enabled=&#8221;0&#8243; custom_margin=&#8221;||10px||false|false&#8221;]<h2>Hur l\u00e4nge vi beh\u00e5ller dina uppgifter<\/h2>[\/et_pb_text][et_pb_text _builder_version=&#8221;4.27.4&#8243; _module_preset=&#8221;default&#8221; theme_builder_area=&#8221;post_content&#8221; text_font_size=&#8221;1.2rem&#8221; text_letter_spacing=&#8221;0.01em&#8221; text_font_size_last_edited=&#8221;on|phone&#8221; hover_enabled=&#8221;0&#8243; sticky_enabled=&#8221;0&#8243; text_font_size_tablet=&#8221;1.1rem&#8221; text_font_size_phone=&#8221;1rem&#8221;]<p>De uppgifter du angivit i intresseformul\u00e4ret sparas utan tidsgr\u00e4ns d\u00e5 vi beh\u00f6ver dessa uppgifter f\u00f6r att kontakta dig.<\/p>[\/et_pb_text][et_pb_text _builder_version=&#8221;4.27.4&#8243; _module_preset=&#8221;b6cb9bd8-0fbd-4699-b58d-51b3d480db23&#8243; header_2_font=&#8221;|600|||||||&#8221; header_2_font_size=&#8221;3rem&#8221; header_2_line_height=&#8221;1.4em&#8221; hover_enabled=&#8221;0&#8243; header_2_font_size_tablet=&#8221;2.2rem&#8221; header_2_font_size_phone=&#8221;1.8rem&#8221; header_2_font_size_last_edited=&#8221;on|phone&#8221; locked=&#8221;off&#8221; global_colors_info=&#8221;{}&#8221; theme_builder_area=&#8221;post_content&#8221; header_2_letter_spacing=&#8221;0.01em&#8221; sticky_enabled=&#8221;0&#8243; custom_margin=&#8221;||10px||false|false&#8221;]<h2>Vilka r\u00e4ttigheter du har \u00f6ver dina data<\/h2>[\/et_pb_text][et_pb_text _builder_version=&#8221;4.27.4&#8243; _module_preset=&#8221;default&#8221; theme_builder_area=&#8221;post_content&#8221; text_font_size=&#8221;1.2rem&#8221; text_letter_spacing=&#8221;0.01em&#8221; text_font_size_last_edited=&#8221;on|phone&#8221; hover_enabled=&#8221;0&#8243; sticky_enabled=&#8221;0&#8243; text_font_size_tablet=&#8221;1.1rem&#8221; text_font_size_phone=&#8221;1rem&#8221;]<p>Du kan beg\u00e4ra ut de uppgifter vi har om dit. Du kan ocks\u00e5 beg\u00e4ra att vi tar bort alla personuppgifter vi har om dig. Detta omfattar inte eventuella uppgifter som vi \u00e4r tvungna att spara av administrativa, legala eller s\u00e4kerhets\u00e4ndam\u00e5l.<\/p>[\/et_pb_text][\/et_pb_column][\/et_pb_row][\/et_pb_section]\n","protected":false},"excerpt":{"rendered":"<p>IntegritetspolicyVilka vi \u00e4rV\u00e5r webbplatsadress \u00e4r: https:\/\/ockelboweb.seInb\u00e4ddat inneh\u00e5ll fr\u00e5n andra webbplatserArtiklar p\u00e5 denna webbplats kan inneh\u00e5lla inb\u00e4ddat inneh\u00e5ll (exempelvis videoklipp, bilder, artiklar o.s.v.). Inb\u00e4ddat inneh\u00e5ll fr\u00e5n andra webbplatser beter sig precis p\u00e5 samma s\u00e4tt som om bes\u00f6karen har bes\u00f6kt den andra webbplatsen. Dessa webbplatser kan samla in uppgifter om dig, anv\u00e4nda cookie-filer, b\u00e4dda in ytterligare sp\u00e5rning [&hellip;]<\/p>\n","protected":false},"author":1,"featured_media":0,"parent":0,"menu_order":0,"comment_status":"closed","ping_status":"closed","template":"","meta":{"_et_pb_use_builder":"on","_et_pb_old_content":"","_et_gb_content_width":"","om_disable_all_campaigns":false,"_monsterinsights_skip_tracking":false,"_monsterinsights_sitenote_active":false,"_monsterinsights_sitenote_note":"","_monsterinsights_sitenote_category":0,"footnotes":""},"class_list":["post-263","page","type-page","status-publish","hentry"],"aioseo_notices":[],"_links":{"self":[{"href":"https:\/\/ockelboweb.se\/index.php?rest_route=\/wp\/v2\/pages\/263","targetHints":{"allow":["GET"]}}],"collection":[{"href":"https:\/\/ockelboweb.se\/index.php?rest_route=\/wp\/v2\/pages"}],"about":[{"href":"https:\/\/ockelboweb.se\/index.php?rest_route=\/wp\/v2\/types\/page"}],"author":[{"embeddable":true,"href":"https:\/\/ockelboweb.se\/index.php?rest_route=\/wp\/v2\/users\/1"}],"replies":[{"embeddable":true,"href":"https:\/\/ockelboweb.se\/index.php?rest_route=%2Fwp%2Fv2%2Fcomments&post=263"}],"version-history":[{"count":6,"href":"https:\/\/ockelboweb.se\/index.php?rest_route=\/wp\/v2\/pages\/263\/revisions"}],"predecessor-version":[{"id":280,"href":"https:\/\/ockelboweb.se\/index.php?rest_route=\/wp\/v2\/pages\/263\/revisions\/280"}],"wp:attachment":[{"href":"https:\/\/ockelboweb.se\/index.php?rest_route=%2Fwp%2Fv2%2Fmedia&parent=263"}],"curies":[{"name":"wp","href":"https:\/\/api.w.org\/{rel}","templated":true}]}}